{"id":9,"date":"2020-07-16T22:55:52","date_gmt":"2020-07-16T10:55:52","guid":{"rendered":"http:\/\/box5288.temp.domains\/~crjpijmy\/?page_id=9"},"modified":"2022-03-11T20:21:46","modified_gmt":"2022-03-11T08:21:46","slug":"home","status":"publish","type":"page","link":"https:\/\/schaffer-and-budenberg.com\/de\/","title":{"rendered":"Das Buch ist jetzt im Druck!"},"content":{"rendered":"<div class=\"wp-block-columns reverse-columns-mob is-layout-flex wp-container-core-columns-is-layout-9d6595d7 wp-block-columns-is-layout-flex\">\n<div class=\"wp-block-column is-vertically-aligned-top is-layout-flow wp-block-column-is-layout-flow\">\n<p>Wir freuen uns, die Ver\u00f6ffentlichung des Buches <strong>Sch\u00e4ffer &amp; Budenberg: Precision Engineers <\/strong>anzuk\u00fcndigen, welches die Geschichte dieses einst globalen Unternehmens, die Familien, die es aufgebaut haben und die Ger\u00e4te, die sie hergestellt haben darstellt.  <\/p>\n\n\n\n<h4 class=\"wp-block-heading\">\u00dcber das Buch<\/h4>\n\n\n\n<p>Geschrieben von einer Nachfahrin eines der Gr\u00fcnder und zusammengetragen aus den verbliebenen Firmen- und Familienarchiven in England und Deutschland beschreibt das Buch den Aufstieg und Fall des Unternehmens mit den sozialen und wirtschaftlichen Zust\u00e4nden der Epoche. Es behandelt die Geschichte Europas zu einer Zeit, als die industrielle Revolution ihren H\u00f6hepunkt erreichte und die Firma zu einem globalen Unternehmen mit Fabriken von Brooklyn bis St. Petersburg und B\u00fcros und Vertretungen von Buenos Aires bis Wladiwostok und Johannesburg bis Toronto anwuchs.<\/p>\n\n\n\n<p>Die Geschichte verfolgt die Geschicke der Familien und des Unternehmens, als es sich infolge des Ersten Weltkriegs in zwei H\u00e4lften teilte und der englischen Zweig gegr\u00fcndet wurde, <a href=\"http:\/\/www.budenberg.co.uk\" target=\"_blank\" rel=\"noreferrer noopener\">The Budenberg Gauge Company<\/a> und das l\u00e4uft noch heute<\/p>\n<\/div>\n\n\n\n<div class=\"wp-block-column is-vertically-aligned-center is-layout-flow wp-block-column-is-layout-flow\">\n<figure class=\"wp-block-image size-large\"><a href=\"http:\/\/schaffer-and-budenberg.com\/de\/look-inside\/\"><img data-recalc-dims=\"1\" loading=\"lazy\" decoding=\"async\" width=\"580\" height=\"588\" src=\"https:\/\/i0.wp.com\/schaffer-and-budenberg.com\/wp-content\/uploads\/2021\/03\/cover_look_inside.png?resize=580%2C588\" alt=\"S&amp;B book cover\" class=\"wp-image-586\" title=\"Schaffer and Budenberg Front Cover\" srcset=\"https:\/\/i0.wp.com\/schaffer-and-budenberg.com\/wp-content\/uploads\/2021\/03\/cover_look_inside.png?w=894&amp;ssl=1 894w, https:\/\/i0.wp.com\/schaffer-and-budenberg.com\/wp-content\/uploads\/2021\/03\/cover_look_inside.png?resize=296%2C300&amp;ssl=1 296w, https:\/\/i0.wp.com\/schaffer-and-budenberg.com\/wp-content\/uploads\/2021\/03\/cover_look_inside.png?resize=768%2C778&amp;ssl=1 768w, https:\/\/i0.wp.com\/schaffer-and-budenberg.com\/wp-content\/uploads\/2021\/03\/cover_look_inside.png?resize=500%2C507&amp;ssl=1 500w, https:\/\/i0.wp.com\/schaffer-and-budenberg.com\/wp-content\/uploads\/2021\/03\/cover_look_inside.png?resize=800%2C811&amp;ssl=1 800w, https:\/\/i0.wp.com\/schaffer-and-budenberg.com\/wp-content\/uploads\/2021\/03\/cover_look_inside.png?resize=600%2C608&amp;ssl=1 600w, https:\/\/i0.wp.com\/schaffer-and-budenberg.com\/wp-content\/uploads\/2021\/03\/cover_look_inside.png?resize=100%2C100&amp;ssl=1 100w, https:\/\/i0.wp.com\/schaffer-and-budenberg.com\/wp-content\/uploads\/2021\/03\/cover_look_inside.png?resize=59%2C60&amp;ssl=1 59w, https:\/\/i0.wp.com\/schaffer-and-budenberg.com\/wp-content\/uploads\/2021\/03\/cover_look_inside.png?resize=89%2C90&amp;ssl=1 89w\" sizes=\"auto, (max-width: 580px) 100vw, 580px\" \/><\/a><\/figure>\n<\/div>\n<\/div>\n\n\n\n<h4 class=\"has-text-align-center wp-block-heading\"><a href=\"https:\/\/schaffer-and-budenberg.com\/de\/produkt\/schaffer-budenberg-precision-engineers\/\">Kaufe jetzt!<\/a><\/h4>\n\n\n\n<p class=\"has-text-align-center\"><\/p>","protected":false},"excerpt":{"rendered":"<p>We are very pleased to announce the publication of Sch\u00e4ffer &amp; Budenberg: Precision Engineers which charts the history of this once global company, the families that built it, and the instruments they made. About the book Written by a descendant of one of the founders, and pieced together from the remaining company and family archives [&hellip;]<\/p>\n","protected":false},"author":1,"featured_media":0,"parent":0,"menu_order":0,"comment_status":"closed","ping_status":"closed","template":"templates\/template-full-width.php","meta":{"nf_dc_page":"","om_disable_all_campaigns":false,"_vp_format_video_url":"","_vp_image_focal_point":[],"footnotes":""},"class_list":["post-9","page","type-page","status-publish","hentry"],"yoast_head":"<!-- This site is optimized with the Yoast SEO plugin v27.4 - https:\/\/yoast.com\/product\/yoast-seo-wordpress\/ -->\n<title>Sch\u00e4ffer &amp; Budenberg: Precision Engineers - A History 1850 to 1991<\/title>\n<meta name=\"description\" content=\"&#039;Sch\u00e4ffer &amp; Budenberg: Precision Engineers&#039; charts the history of the company, the families that built it, and the instruments they made.\" \/>\n<meta name=\"robots\" content=\"index, follow, max-snippet:-1, max-image-preview:large, max-video-preview:-1\" \/>\n<link rel=\"canonical\" href=\"https:\/\/schaffer-and-budenberg.com\/de\/\" \/>\n<meta property=\"og:locale\" content=\"de_DE\" \/>\n<meta property=\"og:type\" content=\"article\" \/>\n<meta property=\"og:title\" content=\"Sch\u00e4ffer &amp; Budenberg: Precision Engineers - A History 1850 to 1991\" \/>\n<meta property=\"og:description\" content=\"&#039;Sch\u00e4ffer &amp; Budenberg: Precision Engineers&#039; charts the history of the company, the families that built it, and the instruments they made.\" \/>\n<meta property=\"og:url\" content=\"https:\/\/schaffer-and-budenberg.com\/de\/\" \/>\n<meta property=\"og:site_name\" content=\"Sch\u00e4ffer &amp; Budenberg: Precision Engineers\" \/>\n<meta property=\"article:modified_time\" content=\"2022-03-11T08:21:46+00:00\" \/>\n<meta property=\"og:image\" content=\"http:\/\/schaffer-and-budenberg.com\/wp-content\/uploads\/2021\/03\/cover_look_inside.png\" \/>\n<meta name=\"twitter:card\" content=\"summary_large_image\" \/>\n<meta name=\"twitter:label1\" content=\"Gesch\u00e4tzte Lesezeit\" \/>\n\t<meta name=\"twitter:data1\" content=\"1\u00a0Minute\" \/>\n<script type=\"application\/ld+json\" class=\"yoast-schema-graph\">{\"@context\":\"https:\\\/\\\/schema.org\",\"@graph\":[{\"@type\":\"WebPage\",\"@id\":\"https:\\\/\\\/schaffer-and-budenberg.com\\\/\",\"url\":\"https:\\\/\\\/schaffer-and-budenberg.com\\\/\",\"name\":\"Sch\u00e4ffer &amp; Budenberg: Precision Engineers - A History 1850 to 1991\",\"isPartOf\":{\"@id\":\"https:\\\/\\\/schaffer-and-budenberg.com\\\/#website\"},\"primaryImageOfPage\":{\"@id\":\"https:\\\/\\\/schaffer-and-budenberg.com\\\/#primaryimage\"},\"image\":{\"@id\":\"https:\\\/\\\/schaffer-and-budenberg.com\\\/#primaryimage\"},\"thumbnailUrl\":\"http:\\\/\\\/schaffer-and-budenberg.com\\\/wp-content\\\/uploads\\\/2021\\\/03\\\/cover_look_inside.png\",\"datePublished\":\"2020-07-16T10:55:52+00:00\",\"dateModified\":\"2022-03-11T08:21:46+00:00\",\"description\":\"'Sch\u00e4ffer & Budenberg: Precision Engineers' charts the history of the company, the families that built it, and the instruments they made.\",\"breadcrumb\":{\"@id\":\"https:\\\/\\\/schaffer-and-budenberg.com\\\/#breadcrumb\"},\"inLanguage\":\"de\",\"potentialAction\":[{\"@type\":\"ReadAction\",\"target\":[\"https:\\\/\\\/schaffer-and-budenberg.com\\\/\"]}]},{\"@type\":\"ImageObject\",\"inLanguage\":\"de\",\"@id\":\"https:\\\/\\\/schaffer-and-budenberg.com\\\/#primaryimage\",\"url\":\"http:\\\/\\\/schaffer-and-budenberg.com\\\/wp-content\\\/uploads\\\/2021\\\/03\\\/cover_look_inside.png\",\"contentUrl\":\"http:\\\/\\\/schaffer-and-budenberg.com\\\/wp-content\\\/uploads\\\/2021\\\/03\\\/cover_look_inside.png\"},{\"@type\":\"BreadcrumbList\",\"@id\":\"https:\\\/\\\/schaffer-and-budenberg.com\\\/#breadcrumb\",\"itemListElement\":[{\"@type\":\"ListItem\",\"position\":1,\"name\":\"Home\",\"item\":\"https:\\\/\\\/schaffer-and-budenberg.com\\\/\"},{\"@type\":\"ListItem\",\"position\":2,\"name\":\"Now in Print!\"}]},{\"@type\":\"WebSite\",\"@id\":\"https:\\\/\\\/schaffer-and-budenberg.com\\\/#website\",\"url\":\"https:\\\/\\\/schaffer-and-budenberg.com\\\/\",\"name\":\"Sch\u00e4ffer &amp; Budenberg: Precision Engineers\",\"description\":\"\",\"publisher\":{\"@id\":\"https:\\\/\\\/schaffer-and-budenberg.com\\\/#organization\"},\"potentialAction\":[{\"@type\":\"SearchAction\",\"target\":{\"@type\":\"EntryPoint\",\"urlTemplate\":\"https:\\\/\\\/schaffer-and-budenberg.com\\\/?s={search_term_string}\"},\"query-input\":{\"@type\":\"PropertyValueSpecification\",\"valueRequired\":true,\"valueName\":\"search_term_string\"}}],\"inLanguage\":\"de\"},{\"@type\":\"Organization\",\"@id\":\"https:\\\/\\\/schaffer-and-budenberg.com\\\/#organization\",\"name\":\"Schaffer & Budenberg\",\"url\":\"https:\\\/\\\/schaffer-and-budenberg.com\\\/\",\"logo\":{\"@type\":\"ImageObject\",\"inLanguage\":\"de\",\"@id\":\"https:\\\/\\\/schaffer-and-budenberg.com\\\/#\\\/schema\\\/logo\\\/image\\\/\",\"url\":\"https:\\\/\\\/i2.wp.com\\\/schaffer-and-budenberg.com\\\/wp-content\\\/uploads\\\/2020\\\/08\\\/quick-favicon.png?fit=512%2C512\",\"contentUrl\":\"https:\\\/\\\/i2.wp.com\\\/schaffer-and-budenberg.com\\\/wp-content\\\/uploads\\\/2020\\\/08\\\/quick-favicon.png?fit=512%2C512\",\"width\":512,\"height\":512,\"caption\":\"Schaffer & Budenberg\"},\"image\":{\"@id\":\"https:\\\/\\\/schaffer-and-budenberg.com\\\/#\\\/schema\\\/logo\\\/image\\\/\"}}]}<\/script>\n<!-- \/ Yoast SEO plugin. -->","yoast_head_json":{"title":"Sch\u00e4ffer &amp; Budenberg: Precision Engineers - A History 1850 to 1991","description":"'Sch\u00e4ffer & Budenberg: Precision Engineers' charts the history of the company, the families that built it, and the instruments they made.","robots":{"index":"index","follow":"follow","max-snippet":"max-snippet:-1","max-image-preview":"max-image-preview:large","max-video-preview":"max-video-preview:-1"},"canonical":"https:\/\/schaffer-and-budenberg.com\/de\/","og_locale":"de_DE","og_type":"article","og_title":"Sch\u00e4ffer &amp; Budenberg: Precision Engineers - A History 1850 to 1991","og_description":"'Sch\u00e4ffer & Budenberg: Precision Engineers' charts the history of the company, the families that built it, and the instruments they made.","og_url":"https:\/\/schaffer-and-budenberg.com\/de\/","og_site_name":"Sch\u00e4ffer &amp; Budenberg: Precision Engineers","article_modified_time":"2022-03-11T08:21:46+00:00","og_image":[{"url":"http:\/\/schaffer-and-budenberg.com\/wp-content\/uploads\/2021\/03\/cover_look_inside.png","type":"","width":"","height":""}],"twitter_card":"summary_large_image","twitter_misc":{"Gesch\u00e4tzte Lesezeit":"1\u00a0Minute"},"schema":{"@context":"https:\/\/schema.org","@graph":[{"@type":"WebPage","@id":"https:\/\/schaffer-and-budenberg.com\/","url":"https:\/\/schaffer-and-budenberg.com\/","name":"Sch\u00e4ffer &amp; Budenberg: Precision Engineers - A History 1850 to 1991","isPartOf":{"@id":"https:\/\/schaffer-and-budenberg.com\/#website"},"primaryImageOfPage":{"@id":"https:\/\/schaffer-and-budenberg.com\/#primaryimage"},"image":{"@id":"https:\/\/schaffer-and-budenberg.com\/#primaryimage"},"thumbnailUrl":"http:\/\/schaffer-and-budenberg.com\/wp-content\/uploads\/2021\/03\/cover_look_inside.png","datePublished":"2020-07-16T10:55:52+00:00","dateModified":"2022-03-11T08:21:46+00:00","description":"'Sch\u00e4ffer & Budenberg: Precision Engineers' charts the history of the company, the families that built it, and the instruments they made.","breadcrumb":{"@id":"https:\/\/schaffer-and-budenberg.com\/#breadcrumb"},"inLanguage":"de","potentialAction":[{"@type":"ReadAction","target":["https:\/\/schaffer-and-budenberg.com\/"]}]},{"@type":"ImageObject","inLanguage":"de","@id":"https:\/\/schaffer-and-budenberg.com\/#primaryimage","url":"http:\/\/schaffer-and-budenberg.com\/wp-content\/uploads\/2021\/03\/cover_look_inside.png","contentUrl":"http:\/\/schaffer-and-budenberg.com\/wp-content\/uploads\/2021\/03\/cover_look_inside.png"},{"@type":"BreadcrumbList","@id":"https:\/\/schaffer-and-budenberg.com\/#breadcrumb","itemListElement":[{"@type":"ListItem","position":1,"name":"Home","item":"https:\/\/schaffer-and-budenberg.com\/"},{"@type":"ListItem","position":2,"name":"Now in Print!"}]},{"@type":"WebSite","@id":"https:\/\/schaffer-and-budenberg.com\/#website","url":"https:\/\/schaffer-and-budenberg.com\/","name":"Sch\u00e4ffer &amp; Budenberg: Precision Engineers","description":"","publisher":{"@id":"https:\/\/schaffer-and-budenberg.com\/#organization"},"potentialAction":[{"@type":"SearchAction","target":{"@type":"EntryPoint","urlTemplate":"https:\/\/schaffer-and-budenberg.com\/?s={search_term_string}"},"query-input":{"@type":"PropertyValueSpecification","valueRequired":true,"valueName":"search_term_string"}}],"inLanguage":"de"},{"@type":"Organization","@id":"https:\/\/schaffer-and-budenberg.com\/#organization","name":"Schaffer & Budenberg","url":"https:\/\/schaffer-and-budenberg.com\/","logo":{"@type":"ImageObject","inLanguage":"de","@id":"https:\/\/schaffer-and-budenberg.com\/#\/schema\/logo\/image\/","url":"https:\/\/i2.wp.com\/schaffer-and-budenberg.com\/wp-content\/uploads\/2020\/08\/quick-favicon.png?fit=512%2C512","contentUrl":"https:\/\/i2.wp.com\/schaffer-and-budenberg.com\/wp-content\/uploads\/2020\/08\/quick-favicon.png?fit=512%2C512","width":512,"height":512,"caption":"Schaffer & Budenberg"},"image":{"@id":"https:\/\/schaffer-and-budenberg.com\/#\/schema\/logo\/image\/"}}]}},"jetpack_sharing_enabled":true,"_links":{"self":[{"href":"https:\/\/schaffer-and-budenberg.com\/de\/wp-json\/wp\/v2\/pages\/9","targetHints":{"allow":["GET"]}}],"collection":[{"href":"https:\/\/schaffer-and-budenberg.com\/de\/wp-json\/wp\/v2\/pages"}],"about":[{"href":"https:\/\/schaffer-and-budenberg.com\/de\/wp-json\/wp\/v2\/types\/page"}],"author":[{"embeddable":true,"href":"https:\/\/schaffer-and-budenberg.com\/de\/wp-json\/wp\/v2\/users\/1"}],"replies":[{"embeddable":true,"href":"https:\/\/schaffer-and-budenberg.com\/de\/wp-json\/wp\/v2\/comments?post=9"}],"version-history":[{"count":5,"href":"https:\/\/schaffer-and-budenberg.com\/de\/wp-json\/wp\/v2\/pages\/9\/revisions"}],"predecessor-version":[{"id":936,"href":"https:\/\/schaffer-and-budenberg.com\/de\/wp-json\/wp\/v2\/pages\/9\/revisions\/936"}],"wp:attachment":[{"href":"https:\/\/schaffer-and-budenberg.com\/de\/wp-json\/wp\/v2\/media?parent=9"}],"curies":[{"name":"wp","href":"https:\/\/api.w.org\/{rel}","templated":true}]}}